{"id":485,"date":"2020-03-16T15:27:18","date_gmt":"2020-03-16T15:27:18","guid":{"rendered":"https:\/\/the7.io\/elementor-minimal-creative\/?page_id=485"},"modified":"2024-01-18T09:52:47","modified_gmt":"2024-01-18T08:52:47","slug":"portfolio-v-2","status":"publish","type":"page","link":"https:\/\/bohema.sk\/en\/","title":{"rendered":"Boh\u00e9ma"},"content":{"rendered":"<div data-elementor-type=\"wp-page\" data-elementor-id=\"485\" class=\"elementor elementor-485\" data-elementor-settings=\"[]\">\n\t\t\t\t\t\t\t<div class=\"elementor-section-wrap\">\n\t\t\t\t\t\t\t<section class=\"elementor-section elementor-top-section elementor-element elementor-element-2c19042f elementor-section-full_width elementor-section-height-default elementor-section-height-default\" data-id=\"2c19042f\" data-element_type=\"section\">\n\t\t\t\t\t\t<div class=\"elementor-container elementor-column-gap-no\">\n\t\t\t\t\t<div class=\"elementor-column elementor-col-100 elementor-top-column elementor-element elementor-element-205c3b53\" data-id=\"205c3b53\" data-element_type=\"column\">\n\t\t\t<div class=\"elementor-widget-wrap elementor-element-populated\">\n\t\t\t\t\t\t\t\t<div class=\"elementor-element elementor-element-5d7d2484 elementor-widget elementor-widget-the7_elements\" data-id=\"5d7d2484\" data-element_type=\"widget\" data-widget_type=\"the7_elements.default\">\n\t\t\t\t<div class=\"elementor-widget-container\">\n\t\t\t<div  class=\"portfolio-shortcode the7-elementor-widget the7_elements-5d7d2484 mode-grid dt-css-grid-wrap bottom-overlap-layout-list description-under-image meta-info-off content-bg-on resize-by-browser-width loading-effect-fade-in jquery-filter\"  data-padding=\"0\" data-cur-page=\"1\" data-post-limit=\"-1\" data-pagination-mode=\"none\" data-mobile-columns-num=\"1\" data-tablet-columns-num=\"3\" data-desktop-columns-num=\"2\" data-wide-desktop-columns-num=\"2\"><div class=\"dt-css-grid custom-pagination-handler\"><div class=\"visible wf-cell\" data-post-id=\"108\" data-date=\"2020-03-15T01:00:26+01:00\" data-name=\"Boh\u00e9ma Bar\"><article class=\"post visible post-108 dt_portfolio type-dt_portfolio status-publish has-post-thumbnail hentry dt_portfolio_category-web-design dt_portfolio_category-10 description-off\" data-name=\"Boh\u00e9ma Bar\" data-date=\"2020-03-15T01:00:26+01:00\">\n\n\t<div class=\"post-thumbnail-wrap\">\n\t\t<div class=\"post-thumbnail\">\n\n\t\t\t<a href=\"https:\/\/bohema.sk\/en\/world\/bar\/\" class=\"post-thumbnail-rollover layzr-bg\" aria-label=\"Post image\" rel=\"nofollow\"><img loading=\"lazy\" class=\"preload-me lazy-load\" src=\"data:image\/svg+xml,%3Csvg%20xmlns%3D&#39;http%3A%2F%2Fwww.w3.org%2F2000%2Fsvg&#39;%20viewBox%3D&#39;0%200%20792%20792&#39;%2F%3E\" data-src=\"https:\/\/bohema.sk\/wp-content\/uploads\/2020\/03\/bohema-bar-thumb-1-792x792.jpg\" data-srcset=\"https:\/\/bohema.sk\/wp-content\/uploads\/2020\/03\/bohema-bar-thumb-1-792x792.jpg 792w, https:\/\/bohema.sk\/wp-content\/uploads\/2020\/03\/bohema-bar-thumb-1.jpg 1000w\" alt=\"\" title=\"bohema-bar-thumb\" width=\"792\" height=\"792\"  \/><\/a>\n\t\t<\/div>\n\t<\/div>\n\n\n<div class=\"post-entry-content\">\n\n\t<h4 class=\"ele-entry-title\"><a href=\"https:\/\/bohema.sk\/en\/world\/bar\/\" title=\"Boh\u00e9ma Bar\" rel=\"bookmark\">Boh\u00e9ma Bar<\/a><\/h4>\n<\/div><\/article><\/div><div class=\"visible wf-cell\" data-post-id=\"87\" data-date=\"2020-03-15T03:00:00+01:00\" data-name=\"Boh\u00e9ma Art\"><article class=\"post visible post-87 dt_portfolio type-dt_portfolio status-publish has-post-thumbnail hentry dt_portfolio_category-item-design dt_portfolio_category-5 description-off\" data-name=\"Boh\u00e9ma Art\" data-date=\"2020-03-15T03:00:00+01:00\">\n\n\t<div class=\"post-thumbnail-wrap\">\n\t\t<div class=\"post-thumbnail\">\n\n\t\t\t<a href=\"https:\/\/bohema.sk\/en\/world\/films\/\" class=\"post-thumbnail-rollover layzr-bg\" aria-label=\"Post image\" rel=\"nofollow\"><img loading=\"lazy\" class=\"preload-me lazy-load\" src=\"data:image\/svg+xml,%3Csvg%20xmlns%3D&#39;http%3A%2F%2Fwww.w3.org%2F2000%2Fsvg&#39;%20viewBox%3D&#39;0%200%20529%20529&#39;%2F%3E\" data-src=\"https:\/\/bohema.sk\/wp-content\/uploads\/2020\/03\/bohema_films_thumb.jpg\" data-srcset=\"https:\/\/bohema.sk\/wp-content\/uploads\/2020\/03\/bohema_films_thumb.jpg 529w\" alt=\"\" title=\"bohema_films_thumb\" width=\"529\" height=\"529\"  \/><\/a>\n\t\t<\/div>\n\t<\/div>\n\n\n<div class=\"post-entry-content\">\n\n\t<h4 class=\"ele-entry-title\"><a href=\"https:\/\/bohema.sk\/en\/world\/films\/\" title=\"Boh\u00e9ma Art\" rel=\"bookmark\">Boh\u00e9ma Art<\/a><\/h4>\n<\/div><\/article><\/div><\/div><!-- iso-container|iso-grid --><\/div>\t\t<\/div>\n\t\t\t\t<\/div>\n\t\t\t\t\t<\/div>\n\t\t<\/div>\n\t\t\t\t\t\t\t<\/div>\n\t\t<\/section>\n\t\t\t\t\t\t<\/div>\n\t\t\t\t\t<\/div>","protected":false},"excerpt":{"rendered":"<p>Boh\u00e9ma Bar Manifest Boh\u00e9ma Boh\u00e9ma Films Boh\u00e9ma Gallery<\/p>","protected":false},"author":1,"featured_media":0,"parent":2411,"menu_order":5,"comment_status":"closed","ping_status":"closed","template":"elementor_header_footer","meta":{"_monsterinsights_skip_tracking":false,"_monsterinsights_sitenote_active":false,"_monsterinsights_sitenote_note":"","_monsterinsights_sitenote_category":0},"yoast_head":"<!-- This site is optimized with the Yoast SEO plugin v16.1.1 - https:\/\/yoast.com\/wordpress\/plugins\/seo\/ -->\n<title>Boh\u00e9ma - Boh\u00e9ma World<\/title>\n<link rel=\"canonical\" href=\"https:\/\/bohema.sk\/en\/\" \/>\n<meta property=\"og:locale\" content=\"en_US\" \/>\n<meta property=\"og:type\" content=\"article\" \/>\n<meta property=\"og:title\" content=\"Boh\u00e9ma - Boh\u00e9ma World\" \/>\n<meta property=\"og:description\" content=\"Boh\u00e9ma Bar Manifest Boh\u00e9ma Boh\u00e9ma Films Boh\u00e9ma Gallery\" \/>\n<meta property=\"og:url\" content=\"https:\/\/bohema.sk\/en\/\" \/>\n<meta property=\"og:site_name\" content=\"Boh\u00e9ma World\" \/>\n<meta property=\"article:modified_time\" content=\"2024-01-18T08:52:47+00:00\" \/>\n<meta property=\"og:image\" content=\"\" \/>\n<meta name=\"twitter:card\" content=\"summary_large_image\" \/>\n<meta name=\"twitter:label1\" content=\"Est. reading time\">\n\t<meta name=\"twitter:data1\" content=\"2 minutes\">\n<script type=\"application\/ld+json\" class=\"yoast-schema-graph\">{\"@context\":\"https:\/\/schema.org\",\"@graph\":[{\"@type\":\"WebSite\",\"@id\":\"https:\/\/bohema.sk\/#website\",\"url\":\"https:\/\/bohema.sk\/\",\"name\":\"Boh\\u00e9ma World\",\"description\":\"Vitajte vo svete boh\\u00e9my.\",\"potentialAction\":[{\"@type\":\"SearchAction\",\"target\":\"https:\/\/bohema.sk\/?s={search_term_string}\",\"query-input\":\"required name=search_term_string\"}],\"inLanguage\":\"en-US\"},{\"@type\":\"ImageObject\",\"@id\":\"https:\/\/bohema.sk\/#primaryimage\",\"inLanguage\":\"en-US\",\"url\":\"data:image\/svg+xml,%3Csvg%20xmlns%3D&#39;http%3A%2F%2Fwww.w3.org%2F2000%2Fsvg&#39;%20viewBox%3D&#39;0%200%20792%20792&#39;%2F%3E\",\"contentUrl\":\"data:image\/svg+xml,%3Csvg%20xmlns%3D&#39;http%3A%2F%2Fwww.w3.org%2F2000%2Fsvg&#39;%20viewBox%3D&#39;0%200%20792%20792&#39;%2F%3E\"},{\"@type\":\"WebPage\",\"@id\":\"https:\/\/bohema.sk\/#webpage\",\"url\":\"https:\/\/bohema.sk\/\",\"name\":\"Boh\\u00e9ma - Boh\\u00e9ma World\",\"isPartOf\":{\"@id\":\"https:\/\/bohema.sk\/#website\"},\"primaryImageOfPage\":{\"@id\":\"https:\/\/bohema.sk\/#primaryimage\"},\"datePublished\":\"2020-03-16T15:27:18+00:00\",\"dateModified\":\"2024-01-18T08:52:47+00:00\",\"breadcrumb\":{\"@id\":\"https:\/\/bohema.sk\/#breadcrumb\"},\"inLanguage\":\"en-US\",\"potentialAction\":[{\"@type\":\"ReadAction\",\"target\":[\"https:\/\/bohema.sk\/\"]}]},{\"@type\":\"BreadcrumbList\",\"@id\":\"https:\/\/bohema.sk\/#breadcrumb\",\"itemListElement\":[{\"@type\":\"ListItem\",\"position\":1,\"item\":{\"@type\":\"WebPage\",\"@id\":\"https:\/\/bohema.sk\/\",\"url\":\"https:\/\/bohema.sk\/\",\"name\":\"Home\"}},{\"@type\":\"ListItem\",\"position\":2,\"item\":{\"@type\":\"WebPage\",\"@id\":\"https:\/\/bohema.sk\/homepage\/\",\"url\":\"https:\/\/bohema.sk\/homepage\/\",\"name\":\"Home\"}},{\"@type\":\"ListItem\",\"position\":3,\"item\":{\"@type\":\"WebPage\",\"@id\":\"https:\/\/bohema.sk\/\",\"url\":\"https:\/\/bohema.sk\/\",\"name\":\"Boh\\u00e9ma\"}}]}]}<\/script>\n<!-- \/ Yoast SEO plugin. -->","_links":{"self":[{"href":"https:\/\/bohema.sk\/en\/wp-json\/wp\/v2\/pages\/485"}],"collection":[{"href":"https:\/\/bohema.sk\/en\/wp-json\/wp\/v2\/pages"}],"about":[{"href":"https:\/\/bohema.sk\/en\/wp-json\/wp\/v2\/types\/page"}],"author":[{"embeddable":true,"href":"https:\/\/bohema.sk\/en\/wp-json\/wp\/v2\/users\/1"}],"replies":[{"embeddable":true,"href":"https:\/\/bohema.sk\/en\/wp-json\/wp\/v2\/comments?post=485"}],"version-history":[{"count":6,"href":"https:\/\/bohema.sk\/en\/wp-json\/wp\/v2\/pages\/485\/revisions"}],"predecessor-version":[{"id":3384,"href":"https:\/\/bohema.sk\/en\/wp-json\/wp\/v2\/pages\/485\/revisions\/3384"}],"up":[{"embeddable":true,"href":"https:\/\/bohema.sk\/en\/wp-json\/wp\/v2\/pages\/2411"}],"wp:attachment":[{"href":"https:\/\/bohema.sk\/en\/wp-json\/wp\/v2\/media?parent=485"}],"curies":[{"name":"wp","href":"https:\/\/api.w.org\/{rel}","templated":true}]}}